{"id":2,"date":"2010-03-28T10:06:44","date_gmt":"2010-03-28T08:06:44","guid":{"rendered":"http:\/\/www.drejestige.dk\/?page_id=2"},"modified":"2020-02-27T08:29:25","modified_gmt":"2020-02-27T07:29:25","slug":"about","status":"publish","type":"page","link":"http:\/\/www.drejestige.dk\/?page_id=2","title":{"rendered":"Om drejestige.dk"},"content":{"rendered":"<p>Drejestiger.dk opstod som et samarbejde med foreningen &#8220;Dansk Selskab For Brandk\u00f8ret\u00f8jer&#8221; (<a title=\"Dansk Selskab For Brandk\u00f8ret\u00f8jer\" href=\"http:\/\/www.brandkoretojer.dk\" target=\"_blank\" rel=\"noopener noreferrer\">DSFB<\/a>) i et fors\u00f8g p\u00e5 at opn\u00e5 et samlet overblik over de danske h\u00f8jderedningsk\u00f8ret\u00f8jer.<\/p>\n<p>Efter i en periode kun at have indeholdt en tabel med de kendte k\u00f8ret\u00f8jer, er det nu planen at fors\u00f8ge at opdatere designet, samt at tilf\u00f8je lidt ekstra data og nyheder til materialet.<\/p>\n<p>Siden besk\u00e6ftiger sig som sagt med de danske h\u00f8jderedningsk\u00f8ret\u00f8jer, men jeg vil ikke udelukke at der i ny og n\u00e6 kan slippe et udenlandsk k\u00f8ret\u00f8j igennem p\u00e5 listen. Det er dog ikke planen at begynde med en systematisk indsamling af udenlandske k\u00f8ret\u00f8jer.<\/p>\n<p>I h\u00f8jre side findes en r\u00e6kke <em>widgets<\/em>, \u00f8verst en oversigt over de forskellige kategorier. Dern\u00e6st f\u00f8lger en <em>Tag Cloud<\/em>. Hver nyhed her p\u00e5 siden markeres (tagges) med den\/de relevante byer, taggets st\u00f8rrelse angiver hvor mange gange det er blevet brugt.<\/p>\n<p>drejestige.dk drives af Allan Holbek Hansen (allan@drejestige.dk)<\/p>\n\n\n<p><\/p>\n","protected":false},"excerpt":{"rendered":"<p>Drejestiger.dk opstod som et samarbejde med foreningen &#8220;Dansk Selskab For Brandk\u00f8ret\u00f8jer&#8221; (DSFB) i et fors\u00f8g p\u00e5 at opn\u00e5 et samlet overblik over de danske h\u00f8jderedningsk\u00f8ret\u00f8jer. Efter i en periode kun at have indeholdt en tabel med de kendte k\u00f8ret\u00f8jer, er det nu planen at fors\u00f8ge at opdatere designet, samt at tilf\u00f8je lidt ekstra data og [&hellip;]<\/p>\n","protected":false},"author":17,"featured_media":0,"parent":0,"menu_order":0,"comment_status":"open","ping_status":"open","template":"","meta":{"footnotes":""},"class_list":["post-2","page","type-page","status-publish","hentry"],"_links":{"self":[{"href":"http:\/\/www.drejestige.dk\/index.php?rest_route=\/wp\/v2\/pages\/2","targetHints":{"allow":["GET"]}}],"collection":[{"href":"http:\/\/www.drejestige.dk\/index.php?rest_route=\/wp\/v2\/pages"}],"about":[{"href":"http:\/\/www.drejestige.dk\/index.php?rest_route=\/wp\/v2\/types\/page"}],"author":[{"embeddable":true,"href":"http:\/\/www.drejestige.dk\/index.php?rest_route=\/wp\/v2\/users\/17"}],"replies":[{"embeddable":true,"href":"http:\/\/www.drejestige.dk\/index.php?rest_route=%2Fwp%2Fv2%2Fcomments&post=2"}],"version-history":[{"count":10,"href":"http:\/\/www.drejestige.dk\/index.php?rest_route=\/wp\/v2\/pages\/2\/revisions"}],"predecessor-version":[{"id":736,"href":"http:\/\/www.drejestige.dk\/index.php?rest_route=\/wp\/v2\/pages\/2\/revisions\/736"}],"wp:attachment":[{"href":"http:\/\/www.drejestige.dk\/index.php?rest_route=%2Fwp%2Fv2%2Fmedia&parent=2"}],"curies":[{"name":"wp","href":"https:\/\/api.w.org\/{rel}","templated":true}]}}